{"id":12838,"date":"2025-07-04T07:57:16","date_gmt":"2025-07-04T07:57:16","guid":{"rendered":"https:\/\/mounttfi.pl\/market-data\/"},"modified":"2025-12-28T19:45:09","modified_gmt":"2025-12-28T19:45:09","slug":"market-data","status":"publish","type":"page","link":"https:\/\/mounttfi.pl\/en\/market-data\/","title":{"rendered":"Market Data"},"content":{"rendered":"\t\t<div data-elementor-type=\"wp-page\" data-elementor-id=\"12838\" class=\"elementor elementor-12838 elementor-1231\" data-elementor-post-type=\"page\">\n\t\t\t\t<section class=\"elementor-element elementor-element-77014ed e-con-full hero-section e-flex e-con e-parent\" data-id=\"77014ed\" data-element_type=\"container\" data-e-type=\"container\" data-settings=\"{&quot;background_background&quot;:&quot;classic&quot;,&quot;shape_divider_bottom&quot;:&quot;triangle-asymmetrical&quot;,&quot;jet_parallax_layout_list&quot;:[]}\">\n\t\t\t\t<div class=\"elementor-shape elementor-shape-bottom\" aria-hidden=\"true\" data-negative=\"false\">\n\t\t\t<svg xmlns=\"http:\/\/www.w3.org\/2000\/svg\" viewBox=\"0 0 1000 100\" preserveAspectRatio=\"none\">\n\t<path class=\"elementor-shape-fill\" d=\"M738,99l262-93V0H0v5.6L738,99z\"\/>\n<\/svg>\t\t<\/div>\n\t\t<div class=\"elementor-element elementor-element-db6dc86 e-con-full e-flex e-con e-child\" data-id=\"db6dc86\" data-element_type=\"container\" data-e-type=\"container\" data-settings=\"{&quot;position&quot;:&quot;absolute&quot;,&quot;jet_parallax_layout_list&quot;:[]}\">\n\t\t\t\t<div class=\"elementor-element elementor-element-b6f91e3 scroller elementor-widget elementor-widget-html\" data-id=\"b6f91e3\" data-element_type=\"widget\" data-e-type=\"widget\" data-widget_type=\"html.default\">\n\t\t\t\t\t<div class=\"scroll-down-icon\" role=\"button\" tabindex=\"0\" aria-label=\"Przewi\u0144 w d\u00f3\u0142\">\n  <svg viewbox=\"0 0 24 24\" width=\"32\" height=\"32\" fill=\"none\" stroke=\"white\" stroke-width=\"2\" stroke-linecap=\"round\" stroke-linejoin=\"round\">\n    <polyline points=\"6 9 12 15 18 9\"><\/polyline>\n  <\/svg>\n<\/div>\n<script>\ndocument.querySelector('.scroll-down-icon').addEventListener('click', () =&gt; {\n  document.querySelector('#about-section').scrollIntoView({ behavior: 'smooth' });\n});\n<\/script>\t\t\t\t<\/div>\n\t\t\t\t<\/div>\n\t\t<div class=\"elementor-element elementor-element-c2651d5 e-con-full e-flex e-con e-child\" data-id=\"c2651d5\" data-element_type=\"container\" data-e-type=\"container\" data-settings=\"{&quot;jet_parallax_layout_list&quot;:[]}\">\n\t\t<div class=\"elementor-element elementor-element-16082cc e-con-full e-flex e-con e-child\" data-id=\"16082cc\" data-element_type=\"container\" data-e-type=\"container\" data-settings=\"{&quot;jet_parallax_layout_list&quot;:[]}\">\n\t\t\t\t<div class=\"elementor-element elementor-element-843d084 elementor-widget elementor-widget-custom_headline_widget\" data-id=\"843d084\" data-element_type=\"widget\" data-e-type=\"widget\" data-settings=\"{&quot;motion_fx_motion_fx_scrolling&quot;:&quot;yes&quot;,&quot;motion_fx_translateY_effect&quot;:&quot;yes&quot;,&quot;motion_fx_translateY_speed&quot;:{&quot;unit&quot;:&quot;px&quot;,&quot;size&quot;:0.7,&quot;sizes&quot;:[]},&quot;motion_fx_opacity_effect&quot;:&quot;yes&quot;,&quot;motion_fx_opacity_direction&quot;:&quot;out-in-out&quot;,&quot;motion_fx_translateY_affectedRange&quot;:{&quot;unit&quot;:&quot;%&quot;,&quot;size&quot;:&quot;&quot;,&quot;sizes&quot;:{&quot;start&quot;:0,&quot;end&quot;:100}},&quot;motion_fx_opacity_level&quot;:{&quot;unit&quot;:&quot;px&quot;,&quot;size&quot;:10,&quot;sizes&quot;:[]},&quot;motion_fx_opacity_range&quot;:{&quot;unit&quot;:&quot;%&quot;,&quot;size&quot;:&quot;&quot;,&quot;sizes&quot;:{&quot;start&quot;:20,&quot;end&quot;:80}},&quot;motion_fx_devices&quot;:[&quot;widescreen&quot;,&quot;desktop&quot;,&quot;laptop&quot;,&quot;tablet&quot;,&quot;mobile&quot;]}\" data-widget_type=\"custom_headline_widget.default\">\n\t\t\t\t<div class=\"elementor-widget-container\">\n\t\t\t\t\t<h1 class=\"txt-block txt-headline label-animate text-color-green-bright animate-fade-in\" data-animation-target=\"lines\" data-animation-duration=\"0.3\" data-animation-stagger=\"0.1\" data-animation-easing=\"power2\" data-animation-ease-type=\"out\">Market Data<\/h1>\t\t\t\t<\/div>\n\t\t\t\t<\/div>\n\t\t\t\t<div class=\"elementor-element elementor-element-42a0d0c elementor-widget elementor-widget-custom_headline_widget\" data-id=\"42a0d0c\" data-element_type=\"widget\" data-e-type=\"widget\" data-widget_type=\"custom_headline_widget.default\">\n\t\t\t\t<div class=\"elementor-widget-container\">\n\t\t\t\t\t<h2 class=\"txt-block txt-headline page-title-light text-color-dark animate-split-lines\" data-animation-target=\"lines\" data-animation-duration=\"0.4\" data-animation-stagger=\"0.05\" data-animation-easing=\"power1\" data-animation-ease-type=\"out\" data-animation-delay=\"0.2\">Mount TFI Funds. <em>Transparent performance.<\/em><br \/><em>Confident decisions.<\/em><\/h2>\t\t\t\t<\/div>\n\t\t\t\t<\/div>\n\t\t\t\t<div class=\"elementor-element elementor-element-762c661 elementor-widget elementor-widget-custom_headline_widget\" data-id=\"762c661\" data-element_type=\"widget\" data-e-type=\"widget\" data-widget_type=\"custom_headline_widget.default\">\n\t\t\t\t<div class=\"elementor-widget-container\">\n\t\t\t\t\t<h2 class=\"txt-block txt-headline label-animate text-color-bg-light-1 animate-split-lines\" data-animation-target=\"words\" data-animation-duration=\"0.4\" data-animation-stagger=\"0.05\" data-animation-easing=\"power1\" data-animation-ease-type=\"out\" data-animation-delay=\"0.4\">Data that empowers informed investment decisions.<\/h2>\t\t\t\t<\/div>\n\t\t\t\t<\/div>\n\t\t\t\t<\/div>\n\t\t\t\t<\/div>\n\t\t\t\t<\/section>\n\t\t<div class=\"elementor-element elementor-element-f970a90 e-flex e-con-boxed e-con e-parent\" data-id=\"f970a90\" data-element_type=\"container\" data-e-type=\"container\" id=\"#about-section\" data-settings=\"{&quot;background_background&quot;:&quot;classic&quot;,&quot;jet_parallax_layout_list&quot;:[]}\">\n\t\t\t\t\t<div class=\"e-con-inner\">\n\t\t<div class=\"elementor-element elementor-element-d4457e5 e-con-full e-flex e-con e-child\" data-id=\"d4457e5\" data-element_type=\"container\" data-e-type=\"container\" data-settings=\"{&quot;jet_parallax_layout_list&quot;:[]}\">\n\t\t<div class=\"elementor-element elementor-element-8707535 e-con-full e-flex e-con e-child\" data-id=\"8707535\" data-element_type=\"container\" data-e-type=\"container\" data-settings=\"{&quot;jet_parallax_layout_list&quot;:[]}\">\n\t\t<div class=\"elementor-element elementor-element-f5e4ab4 e-con-full e-flex e-con e-child\" data-id=\"f5e4ab4\" data-element_type=\"container\" data-e-type=\"container\" data-settings=\"{&quot;jet_parallax_layout_list&quot;:[]}\">\n\t\t\t\t<div class=\"elementor-element elementor-element-683abc3 elementor-widget elementor-widget-html\" data-id=\"683abc3\" data-element_type=\"widget\" data-e-type=\"widget\" data-widget_type=\"html.default\">\n\t\t\t\t\t<!-- HEAD -->\n<link href=\"https:\/\/cdn.jsdelivr.net\/npm\/bootstrap@5.3.3\/dist\/css\/bootstrap.min.css\" rel=\"stylesheet\">\n<link rel=\"stylesheet\" href=\"https:\/\/mounttfi.pl\/wp-content\/themes\/mount-child\/assets\/css\/apitabelka.css\">\n<script src=\"https:\/\/cdn.jsdelivr.net\/npm\/apexcharts\"><\/script>\n<script src=\"https:\/\/app.mounttfi.pl\/pub\/js\/apitabelka.js\"><\/script>\n\n<style>\n.loader {\n  display: flex;\n  align-items: center;\n  justify-content: center;\n  height: 120px;\n  font-size: 14px;\n  color: #777;\n  font-style: italic;\n}\n.tytul {\n    font-size: 1.4vw;\n    font-weight: 300;\n    color: #000 !important;\n}\n.tytuldata {\n    font-size: .9vw;\n    color: #000 !important;\n<\/style>\n\n\n\n\n<!-- BODY -->\n<div id=\"kontener1\" class=\"notowania-container \"><\/div>\n<div id=\"kontener3\" class=\"notowania-container \"><\/div>\n<div id=\"kontener2\" class=\"notowania-container \"><\/div>\n<div id=\"kontener4\" class=\"notowania-container \"><\/div>\n<div id=\"kontener10\" class=\"notowania-container \"><\/div>\n<script>\n  const Kontenery = {\n      kontener1: 'https:\/\/app.mounttfi.pl\/api\/tabelka\/1',\n      kontener2: 'https:\/\/app.mounttfi.pl\/api\/tabelka\/2',\n      kontener3: 'https:\/\/app.mounttfi.pl\/api\/tabelka\/3',\n      kontener4: 'https:\/\/app.mounttfi.pl\/api\/tabelka\/4',\n      kontener10: 'https:\/\/app.mounttfi.pl\/api\/tabelka\/10'\n    }\n    for (let Kontener in Kontenery)\n      setTimeout(async () => await GetCnt(Kontener, Kontenery[Kontener]), 10);\n      \n       \/\/ Stylizacja nag\u0142\u00f3wk\u00f3w\n          const headerRow = kontener.querySelector('.row.py-3');\n          if (headerRow) {\n            const left = headerRow.querySelector('.col-8');\n            if (left) left.classList.replace('text-white', 'text-dark');\n            const right = headerRow.querySelector('.col-4');\n            if (right) right.classList.replace('text-white', 'text-dark');\n          }\n\n<\/script>\t\t\t\t<\/div>\n\t\t\t\t<\/div>\n\t\t\t\t<\/div>\n\t\t\t\t<\/div>\n\t\t\t\t\t<\/div>\n\t\t\t\t<\/div>\n\t\t\t\t<\/div>\n\t\t","protected":false},"excerpt":{"rendered":"<p>Market Data Mount TFI Funds. Transparent performance.Confident decisions. Data that empowers informed investment decisions.<\/p>\n","protected":false},"author":1,"featured_media":0,"parent":0,"menu_order":0,"comment_status":"closed","ping_status":"closed","template":"","meta":{"footnotes":""},"class_list":["post-12838","page","type-page","status-publish","hentry"],"yoast_head":"<!-- This site is optimized with the Yoast SEO Premium plugin v27.5 (Yoast SEO v27.5) - https:\/\/yoast.com\/product\/yoast-seo-premium-wordpress\/ -->\n<title>Market Data \u2013 Mount TFI Funds | Performance<\/title>\n<meta name=\"description\" content=\"Latest Market Data for Mount TFI Funds. Transparent performance and valuation data that empowers informed investment decisions.\" \/>\n<meta name=\"robots\" content=\"index, follow, max-snippet:-1, max-image-preview:large, max-video-preview:-1\" \/>\n<link rel=\"canonical\" href=\"https:\/\/mounttfi.pl\/en\/market-data\/\" \/>\n<meta property=\"og:locale\" content=\"en_US\" \/>\n<meta property=\"og:type\" content=\"article\" \/>\n<meta property=\"og:title\" content=\"Market Data \u2013 Mount TFI Funds | Performance\" \/>\n<meta property=\"og:description\" content=\"Latest Market Data for Mount TFI Funds. Transparent performance and valuation data that empowers informed investment decisions.\" \/>\n<meta property=\"og:url\" content=\"https:\/\/mounttfi.pl\/en\/market-data\/\" \/>\n<meta property=\"og:site_name\" content=\"Mount Towarzystwo Funduszy Inwestycyjnych - S.A.\" \/>\n<meta property=\"article:modified_time\" content=\"2025-12-28T19:45:09+00:00\" \/>\n<meta property=\"og:image\" content=\"https:\/\/mounttfi.pl\/wp-content\/uploads\/2025\/12\/MountTFI-Social-Market-Data-EN.jpg\" \/>\n\t<meta property=\"og:image:width\" content=\"1200\" \/>\n\t<meta property=\"og:image:height\" content=\"630\" \/>\n\t<meta property=\"og:image:type\" content=\"image\/jpeg\" \/>\n<meta name=\"twitter:card\" content=\"summary_large_image\" \/>\n<meta name=\"twitter:title\" content=\"Mount TFI \u2013 Niezale\u017cne Towarzystwo Funduszy Inwestycyjnych\" \/>\n<meta name=\"twitter:description\" content=\"Niezale\u017cne Towarzystwo Funduszy Inwestycyjnych. Zarz\u0105dzamy funduszami o strategiach: Private Debt, Globalne REIT-y, Akcje Polskich Firm oraz Aktywa Cyfrowe.\" \/>\n<meta name=\"twitter:label1\" content=\"Est. reading time\" \/>\n\t<meta name=\"twitter:data1\" content=\"1 minute\" \/>\n<script type=\"application\/ld+json\" class=\"yoast-schema-graph\">{\"@context\":\"https:\\\/\\\/schema.org\",\"@graph\":[{\"@type\":\"WebPage\",\"@id\":\"https:\\\/\\\/mounttfi.pl\\\/en\\\/market-data\\\/\",\"url\":\"https:\\\/\\\/mounttfi.pl\\\/en\\\/market-data\\\/\",\"name\":\"Market Data \u2013 Mount TFI Funds | Performance\",\"isPartOf\":{\"@id\":\"https:\\\/\\\/mounttfi.pl\\\/#website\"},\"datePublished\":\"2025-07-04T07:57:16+00:00\",\"dateModified\":\"2025-12-28T19:45:09+00:00\",\"description\":\"Latest Market Data for Mount TFI Funds. Transparent performance and valuation data that empowers informed investment decisions.\",\"breadcrumb\":{\"@id\":\"https:\\\/\\\/mounttfi.pl\\\/en\\\/market-data\\\/#breadcrumb\"},\"inLanguage\":\"en-US\",\"potentialAction\":[{\"@type\":\"ReadAction\",\"target\":[\"https:\\\/\\\/mounttfi.pl\\\/en\\\/market-data\\\/\"]}]},{\"@type\":\"BreadcrumbList\",\"@id\":\"https:\\\/\\\/mounttfi.pl\\\/en\\\/market-data\\\/#breadcrumb\",\"itemListElement\":[{\"@type\":\"ListItem\",\"position\":1,\"name\":\"Home\",\"item\":\"https:\\\/\\\/mounttfi.pl\\\/en\\\/\"},{\"@type\":\"ListItem\",\"position\":2,\"name\":\"Market Data\"}]},{\"@type\":\"WebSite\",\"@id\":\"https:\\\/\\\/mounttfi.pl\\\/#website\",\"url\":\"https:\\\/\\\/mounttfi.pl\\\/\",\"name\":\"Mount TFI\",\"description\":\"Niezale\u017cne Towarzystwo Funduszy Inwestycyjnych\",\"publisher\":{\"@id\":\"https:\\\/\\\/mounttfi.pl\\\/#organization\"},\"potentialAction\":[{\"@type\":\"SearchAction\",\"target\":{\"@type\":\"EntryPoint\",\"urlTemplate\":\"https:\\\/\\\/mounttfi.pl\\\/?s={search_term_string}\"},\"query-input\":{\"@type\":\"PropertyValueSpecification\",\"valueRequired\":true,\"valueName\":\"search_term_string\"}}],\"inLanguage\":\"en-US\"},{\"@type\":\"Organization\",\"@id\":\"https:\\\/\\\/mounttfi.pl\\\/#organization\",\"name\":\"Mount TFI\",\"alternateName\":\"Mount Towarzystwo Funduszy Inwestycyjnych S.A.\",\"url\":\"https:\\\/\\\/mounttfi.pl\\\/\",\"logo\":{\"@type\":\"ImageObject\",\"inLanguage\":\"en-US\",\"@id\":\"https:\\\/\\\/mounttfi.pl\\\/#\\\/schema\\\/logo\\\/image\\\/\",\"url\":\"https:\\\/\\\/mounttfi.pl\\\/wp-content\\\/uploads\\\/2025\\\/12\\\/Logo-Organizacji.jpg\",\"contentUrl\":\"https:\\\/\\\/mounttfi.pl\\\/wp-content\\\/uploads\\\/2025\\\/12\\\/Logo-Organizacji.jpg\",\"width\":500,\"height\":500,\"caption\":\"Mount TFI\"},\"image\":{\"@id\":\"https:\\\/\\\/mounttfi.pl\\\/#\\\/schema\\\/logo\\\/image\\\/\"},\"sameAs\":[\"https:\\\/\\\/www.linkedin.com\\\/company\\\/mount-tfi\\\/posts\\\/?feedView=all\",\"https:\\\/\\\/www.youtube.com\\\/@MountTFI\"],\"description\":\"Niezale\u017cne Towarzystwo Funduszy Inwestycyjnych dzia\u0142aj\u0105ce od 2016 roku. Oferujemy fundusze private debt, nieruchomo\u015bciowe (REIT), akcyjne oraz cyfrowe aktywa.\",\"email\":\"biuro@mounttfi.pl\",\"telephone\":\"+48 22 395-83-80\",\"legalName\":\"Mount Towarzystwo Funduszy Inwestycyjnych Sp\u00f3\u0142ka Akcyjna\",\"numberOfEmployees\":{\"@type\":\"QuantitativeValue\",\"minValue\":\"11\",\"maxValue\":\"50\"}}]}<\/script>\n<!-- \/ Yoast SEO Premium plugin. -->","yoast_head_json":{"title":"Market Data \u2013 Mount TFI Funds | Performance","description":"Latest Market Data for Mount TFI Funds. Transparent performance and valuation data that empowers informed investment decisions.","robots":{"index":"index","follow":"follow","max-snippet":"max-snippet:-1","max-image-preview":"max-image-preview:large","max-video-preview":"max-video-preview:-1"},"canonical":"https:\/\/mounttfi.pl\/en\/market-data\/","og_locale":"en_US","og_type":"article","og_title":"Market Data \u2013 Mount TFI Funds | Performance","og_description":"Latest Market Data for Mount TFI Funds. Transparent performance and valuation data that empowers informed investment decisions.","og_url":"https:\/\/mounttfi.pl\/en\/market-data\/","og_site_name":"Mount Towarzystwo Funduszy Inwestycyjnych - S.A.","article_modified_time":"2025-12-28T19:45:09+00:00","og_image":[{"width":1200,"height":630,"url":"https:\/\/mounttfi.pl\/wp-content\/uploads\/2025\/12\/MountTFI-Social-Market-Data-EN.jpg","type":"image\/jpeg"}],"twitter_card":"summary_large_image","twitter_title":"Mount TFI \u2013 Niezale\u017cne Towarzystwo Funduszy Inwestycyjnych","twitter_description":"Niezale\u017cne Towarzystwo Funduszy Inwestycyjnych. Zarz\u0105dzamy funduszami o strategiach: Private Debt, Globalne REIT-y, Akcje Polskich Firm oraz Aktywa Cyfrowe.","twitter_misc":{"Est. reading time":"1 minute"},"schema":{"@context":"https:\/\/schema.org","@graph":[{"@type":"WebPage","@id":"https:\/\/mounttfi.pl\/en\/market-data\/","url":"https:\/\/mounttfi.pl\/en\/market-data\/","name":"Market Data \u2013 Mount TFI Funds | Performance","isPartOf":{"@id":"https:\/\/mounttfi.pl\/#website"},"datePublished":"2025-07-04T07:57:16+00:00","dateModified":"2025-12-28T19:45:09+00:00","description":"Latest Market Data for Mount TFI Funds. Transparent performance and valuation data that empowers informed investment decisions.","breadcrumb":{"@id":"https:\/\/mounttfi.pl\/en\/market-data\/#breadcrumb"},"inLanguage":"en-US","potentialAction":[{"@type":"ReadAction","target":["https:\/\/mounttfi.pl\/en\/market-data\/"]}]},{"@type":"BreadcrumbList","@id":"https:\/\/mounttfi.pl\/en\/market-data\/#breadcrumb","itemListElement":[{"@type":"ListItem","position":1,"name":"Home","item":"https:\/\/mounttfi.pl\/en\/"},{"@type":"ListItem","position":2,"name":"Market Data"}]},{"@type":"WebSite","@id":"https:\/\/mounttfi.pl\/#website","url":"https:\/\/mounttfi.pl\/","name":"Mount TFI","description":"Niezale\u017cne Towarzystwo Funduszy Inwestycyjnych","publisher":{"@id":"https:\/\/mounttfi.pl\/#organization"},"potentialAction":[{"@type":"SearchAction","target":{"@type":"EntryPoint","urlTemplate":"https:\/\/mounttfi.pl\/?s={search_term_string}"},"query-input":{"@type":"PropertyValueSpecification","valueRequired":true,"valueName":"search_term_string"}}],"inLanguage":"en-US"},{"@type":"Organization","@id":"https:\/\/mounttfi.pl\/#organization","name":"Mount TFI","alternateName":"Mount Towarzystwo Funduszy Inwestycyjnych S.A.","url":"https:\/\/mounttfi.pl\/","logo":{"@type":"ImageObject","inLanguage":"en-US","@id":"https:\/\/mounttfi.pl\/#\/schema\/logo\/image\/","url":"https:\/\/mounttfi.pl\/wp-content\/uploads\/2025\/12\/Logo-Organizacji.jpg","contentUrl":"https:\/\/mounttfi.pl\/wp-content\/uploads\/2025\/12\/Logo-Organizacji.jpg","width":500,"height":500,"caption":"Mount TFI"},"image":{"@id":"https:\/\/mounttfi.pl\/#\/schema\/logo\/image\/"},"sameAs":["https:\/\/www.linkedin.com\/company\/mount-tfi\/posts\/?feedView=all","https:\/\/www.youtube.com\/@MountTFI"],"description":"Niezale\u017cne Towarzystwo Funduszy Inwestycyjnych dzia\u0142aj\u0105ce od 2016 roku. Oferujemy fundusze private debt, nieruchomo\u015bciowe (REIT), akcyjne oraz cyfrowe aktywa.","email":"biuro@mounttfi.pl","telephone":"+48 22 395-83-80","legalName":"Mount Towarzystwo Funduszy Inwestycyjnych Sp\u00f3\u0142ka Akcyjna","numberOfEmployees":{"@type":"QuantitativeValue","minValue":"11","maxValue":"50"}}]}},"_links":{"self":[{"href":"https:\/\/mounttfi.pl\/en\/wp-json\/wp\/v2\/pages\/12838","targetHints":{"allow":["GET"]}}],"collection":[{"href":"https:\/\/mounttfi.pl\/en\/wp-json\/wp\/v2\/pages"}],"about":[{"href":"https:\/\/mounttfi.pl\/en\/wp-json\/wp\/v2\/types\/page"}],"author":[{"embeddable":true,"href":"https:\/\/mounttfi.pl\/en\/wp-json\/wp\/v2\/users\/1"}],"replies":[{"embeddable":true,"href":"https:\/\/mounttfi.pl\/en\/wp-json\/wp\/v2\/comments?post=12838"}],"version-history":[{"count":5,"href":"https:\/\/mounttfi.pl\/en\/wp-json\/wp\/v2\/pages\/12838\/revisions"}],"predecessor-version":[{"id":12855,"href":"https:\/\/mounttfi.pl\/en\/wp-json\/wp\/v2\/pages\/12838\/revisions\/12855"}],"wp:attachment":[{"href":"https:\/\/mounttfi.pl\/en\/wp-json\/wp\/v2\/media?parent=12838"}],"curies":[{"name":"wp","href":"https:\/\/api.w.org\/{rel}","templated":true}]}}