{"id":12891,"date":"2025-08-28T22:52:58","date_gmt":"2025-08-28T22:52:58","guid":{"rendered":"https:\/\/mounttfi.pl\/real-estate-income-assets-ii-fizan-in-liquidation\/"},"modified":"2025-09-01T01:26:44","modified_gmt":"2025-09-01T01:26:44","slug":"real-estate-income-assets-ii-fizan-in-liquidation","status":"publish","type":"page","link":"https:\/\/mounttfi.pl\/en\/real-estate-income-assets-ii-fizan-in-liquidation\/","title":{"rendered":"Real Estate Income Assets II FIZAN in liquidation"},"content":{"rendered":"\t\t<div data-elementor-type=\"wp-page\" data-elementor-id=\"12891\" class=\"elementor elementor-12891 elementor-12658\" data-elementor-post-type=\"page\">\n\t\t\t\t<section class=\"elementor-element elementor-element-480e69f e-con-full hero-section e-flex e-con e-parent\" data-id=\"480e69f\" data-element_type=\"container\" data-e-type=\"container\" data-settings=\"{&quot;background_background&quot;:&quot;classic&quot;,&quot;shape_divider_bottom&quot;:&quot;tilt&quot;,&quot;jet_parallax_layout_list&quot;:[]}\">\n\t\t\t\t<div class=\"elementor-shape elementor-shape-bottom\" aria-hidden=\"true\" data-negative=\"false\">\n\t\t\t<svg xmlns=\"http:\/\/www.w3.org\/2000\/svg\" viewBox=\"0 0 1000 100\" preserveAspectRatio=\"none\">\n\t<path class=\"elementor-shape-fill\" d=\"M0,6V0h1000v100L0,6z\"\/>\n<\/svg>\t\t<\/div>\n\t\t<div class=\"elementor-element elementor-element-2581e03 e-con-full e-flex e-con e-child\" data-id=\"2581e03\" data-element_type=\"container\" data-e-type=\"container\" data-settings=\"{&quot;jet_parallax_layout_list&quot;:[]}\">\n\t\t<div class=\"elementor-element elementor-element-adc4d38 e-con-full e-flex e-con e-child\" data-id=\"adc4d38\" data-element_type=\"container\" data-e-type=\"container\" data-settings=\"{&quot;jet_parallax_layout_list&quot;:[]}\">\n\t\t\t\t<div class=\"elementor-element elementor-element-91fe3a3 elementor-widget elementor-widget-custom_headline_widget\" data-id=\"91fe3a3\" data-element_type=\"widget\" data-e-type=\"widget\" data-widget_type=\"custom_headline_widget.default\">\n\t\t\t\t<div class=\"elementor-widget-container\">\n\t\t\t\t\t<h2 class=\"txt-block txt-headline page-title-light text-color-bg-light-1 animate-split-lines\" data-animation-target=\"lines\" data-animation-duration=\"0.8\" data-animation-stagger=\"0.1\" data-animation-easing=\"power2\" data-animation-ease-type=\"out\" data-animation-delay=\"0.3\" data-animation-use-mask=\"true\">Real Estate Income Assets II FIZAN w likwidacji<\/h2>\t\t\t\t<\/div>\n\t\t\t\t<\/div>\n\t\t\t\t<\/div>\n\t\t\t\t<\/div>\n\t\t\t\t<\/section>\n\t\t<div class=\"elementor-element elementor-element-60337ce e-con-full pd-about e-flex e-con e-child\" data-id=\"60337ce\" data-element_type=\"container\" data-e-type=\"container\" data-settings=\"{&quot;background_background&quot;:&quot;classic&quot;,&quot;jet_parallax_layout_list&quot;:[]}\">\n\t\t<div class=\"elementor-element elementor-element-d237206 e-con-full e-flex e-con e-child\" data-id=\"d237206\" data-element_type=\"container\" data-e-type=\"container\" data-settings=\"{&quot;jet_parallax_layout_list&quot;:[]}\">\n\t\t<div class=\"elementor-element elementor-element-0afdaf7 e-con-full left e-flex e-con e-child\" data-id=\"0afdaf7\" data-element_type=\"container\" data-e-type=\"container\" data-settings=\"{&quot;jet_parallax_layout_list&quot;:[]}\">\n\t\t\t\t<div class=\"elementor-element elementor-element-4f357f2 elementor-widget elementor-widget-custom_headline_widget\" data-id=\"4f357f2\" data-element_type=\"widget\" data-e-type=\"widget\" data-widget_type=\"custom_headline_widget.default\">\n\t\t\t\t<div class=\"elementor-widget-container\">\n\t\t\t\t\t<h2 class=\"txt-block txt-headline label-animate text-color-green-dark animate-fade-in-move\" data-animation-target=\"lines\" data-animation-duration=\"0.6\" data-animation-stagger=\"0.1\" data-animation-easing=\"power2\" data-animation-ease-type=\"out\" data-animation-direction=\"up\" data-animation-distance=\"65\"><b>REIA II FIZAN w likwidacji:<\/b><\/h2>\t\t\t\t<\/div>\n\t\t\t\t<\/div>\n\t\t\t\t<div class=\"elementor-element elementor-element-9b0e01b elementor-widget elementor-widget-text-editor\" data-id=\"9b0e01b\" data-element_type=\"widget\" data-e-type=\"widget\" data-widget_type=\"text-editor.default\">\n\t\t\t\t\t\t\t\t\t<ul><li>The liquidation of the fund <b>Real Estate Income Assets II FIZAN in liquidation (&#8220;Fund&#8221;)<\/b> began on November 1, 2024. <\/li><li>The content of the liquidation opening announcement is available on the Mount TFI website in the News section.<\/li><li>The last official valuation of the Fund is the valuation as of the liquidation opening date &#8211; the Net Asset Value per Investment Certificate is <b>266.86 PLN.<\/b><\/li><\/ul>\t\t\t\t\t\t\t\t<\/div>\n\t\t\t\t<div class=\"elementor-element elementor-element-199b519 elementor-widget-mobile__width-inherit elementor-widget elementor-widget-html\" data-id=\"199b519\" data-element_type=\"widget\" data-e-type=\"widget\" data-widget_type=\"html.default\">\n\t\t\t\t\t<a href=\"https:\/\/app.mounttfi.pl\/\" target=\"_blank\" class=\"mount-btn mount-btn--full-width-mobile mount-btn--dark-to-brightgreen mount-btn--draw-icon mount-btn--icon-right mount-btn--text-shift mount-btn--md-tight mount-btn--solid\">\n  <span class=\"mount-btn__flair\"><\/span>\n  <span class=\"mount-btn__label\">\n    <span class=\"mount-btn__text\">app.mounttfi.pl<\/span>\n    <svg xmlns=\"http:\/\/www.w3.org\/2000\/svg\" class=\"mount-btn__icon mount-btn__icon--draw\" viewbox=\"0 0 24 24\">\n      <g stroke-linecap=\"square\" transform=\"translate(0.5 0.5)\" fill=\"none\" stroke=\"currentColor\" stroke-linejoin=\"miter\" stroke-miterlimit=\"10\">\n        <line x1=\"1\" y1=\"12\" x2=\"18\" y2=\"12\" stroke-linecap=\"butt\" stroke-width=\"1.2\"><\/line>\n        <polyline points=\"15,9 18,12 15,15\" stroke-width=\"1.2\"><\/polyline>\n      <\/g>\n    <\/svg>\n  <\/span>\n<\/a>\t\t\t\t<\/div>\n\t\t\t\t<div class=\"elementor-element elementor-element-797617f elementor-widget elementor-widget-text-editor\" data-id=\"797617f\" data-element_type=\"widget\" data-e-type=\"widget\" data-widget_type=\"text-editor.default\">\n\t\t\t\t\t\t\t\t\t<p>If you had access to the previous version of the Service, you can use your existing login and password.<\/p><p>However, if you plan to use our Service for the first time, we invite you to register at: <br><strong><a href=\"https:\/\/app.mounttfi.pl\/pierwszelogowanie\" target=\"_blank\" rel=\"noopener\">https:\/\/app.mounttfi.pl\/pierwszelogowanie<\/a><\/strong><\/p><p>If you need assistance with registration or logging into the system, please send an email from your email address (indicated in our records) to: <a href=\"mailto:biuro@mounttfi.pl\" target=\"_blank\" rel=\"noopener\"><strong>biuro@mounttfi.pl<\/strong><\/a>. <\/p>\t\t\t\t\t\t\t\t<\/div>\n\t\t\t\t<\/div>\n\t\t<div class=\"elementor-element elementor-element-466e764 e-con-full icon-box-grid e-flex e-con e-child\" data-id=\"466e764\" data-element_type=\"container\" data-e-type=\"container\" data-settings=\"{&quot;background_background&quot;:&quot;classic&quot;,&quot;jet_parallax_layout_list&quot;:[]}\">\n\t\t\t\t<\/div>\n\t\t\t\t<\/div>\n\t\t\t\t<\/div>\n\t\t\t\t<\/div>\n\t\t","protected":false},"excerpt":{"rendered":"<p>Real Estate Income Assets II FIZAN w likwidacji REIA II FIZAN w likwidacji: The liquidation of the fund Real Estate Income Assets II FIZAN in liquidation (&#8220;Fund&#8221;) began on November 1, 2024. The content of the liquidation opening announcement is available on the Mount TFI website in the News section. The last official valuation of [&hellip;]<\/p>\n","protected":false},"author":1,"featured_media":0,"parent":0,"menu_order":0,"comment_status":"closed","ping_status":"closed","template":"","meta":{"footnotes":""},"class_list":["post-12891","page","type-page","status-publish","hentry"],"yoast_head":"<!-- This site is optimized with the Yoast SEO Premium plugin v27.5 (Yoast SEO v27.5) - https:\/\/yoast.com\/product\/yoast-seo-premium-wordpress\/ -->\n<title>Real Estate Income Assets II FIZAN in liquidation - Mount Towarzystwo Funduszy Inwestycyjnych - S.A.<\/title>\n<meta name=\"robots\" content=\"index, follow, max-snippet:-1, max-image-preview:large, max-video-preview:-1\" \/>\n<link rel=\"canonical\" href=\"https:\/\/mounttfi.pl\/en\/real-estate-income-assets-ii-fizan-in-liquidation\/\" \/>\n<meta property=\"og:locale\" content=\"en_US\" \/>\n<meta property=\"og:type\" content=\"article\" \/>\n<meta property=\"og:title\" content=\"Mount TFI \u2013 Niezale\u017cne Towarzystwo Funduszy Inwestycyjnych\" \/>\n<meta property=\"og:description\" content=\"Niezale\u017cne Towarzystwo Funduszy Inwestycyjnych. Zarz\u0105dzamy funduszami o strategiach: Private Debt, Globalne REIT-y, Akcje Polskich Firm oraz Aktywa Cyfrowe.\" \/>\n<meta property=\"og:url\" content=\"https:\/\/mounttfi.pl\/en\/real-estate-income-assets-ii-fizan-in-liquidation\/\" \/>\n<meta property=\"og:site_name\" content=\"Mount Towarzystwo Funduszy Inwestycyjnych - S.A.\" \/>\n<meta property=\"article:modified_time\" content=\"2025-09-01T01:26:44+00:00\" \/>\n<meta property=\"og:image\" content=\"https:\/\/mounttfi.pl\/wp-content\/uploads\/2025\/12\/MountTFI-SocialA.jpg\" \/>\n\t<meta property=\"og:image:width\" content=\"1200\" \/>\n\t<meta property=\"og:image:height\" content=\"630\" \/>\n\t<meta property=\"og:image:type\" content=\"image\/jpeg\" \/>\n<meta name=\"twitter:card\" content=\"summary_large_image\" \/>\n<meta name=\"twitter:label1\" content=\"Est. reading time\" \/>\n\t<meta name=\"twitter:data1\" content=\"1 minute\" \/>\n<script type=\"application\/ld+json\" class=\"yoast-schema-graph\">{\"@context\":\"https:\\\/\\\/schema.org\",\"@graph\":[{\"@type\":\"WebPage\",\"@id\":\"https:\\\/\\\/mounttfi.pl\\\/en\\\/real-estate-income-assets-ii-fizan-in-liquidation\\\/\",\"url\":\"https:\\\/\\\/mounttfi.pl\\\/en\\\/real-estate-income-assets-ii-fizan-in-liquidation\\\/\",\"name\":\"Real Estate Income Assets II FIZAN in liquidation - Mount Towarzystwo Funduszy Inwestycyjnych - S.A.\",\"isPartOf\":{\"@id\":\"https:\\\/\\\/mounttfi.pl\\\/#website\"},\"datePublished\":\"2025-08-28T22:52:58+00:00\",\"dateModified\":\"2025-09-01T01:26:44+00:00\",\"breadcrumb\":{\"@id\":\"https:\\\/\\\/mounttfi.pl\\\/en\\\/real-estate-income-assets-ii-fizan-in-liquidation\\\/#breadcrumb\"},\"inLanguage\":\"en-US\",\"potentialAction\":[{\"@type\":\"ReadAction\",\"target\":[\"https:\\\/\\\/mounttfi.pl\\\/en\\\/real-estate-income-assets-ii-fizan-in-liquidation\\\/\"]}]},{\"@type\":\"BreadcrumbList\",\"@id\":\"https:\\\/\\\/mounttfi.pl\\\/en\\\/real-estate-income-assets-ii-fizan-in-liquidation\\\/#breadcrumb\",\"itemListElement\":[{\"@type\":\"ListItem\",\"position\":1,\"name\":\"Home\",\"item\":\"https:\\\/\\\/mounttfi.pl\\\/en\\\/\"},{\"@type\":\"ListItem\",\"position\":2,\"name\":\"Real Estate Income Assets II FIZAN in liquidation\"}]},{\"@type\":\"WebSite\",\"@id\":\"https:\\\/\\\/mounttfi.pl\\\/#website\",\"url\":\"https:\\\/\\\/mounttfi.pl\\\/\",\"name\":\"Mount TFI\",\"description\":\"Niezale\u017cne Towarzystwo Funduszy Inwestycyjnych\",\"publisher\":{\"@id\":\"https:\\\/\\\/mounttfi.pl\\\/#organization\"},\"potentialAction\":[{\"@type\":\"SearchAction\",\"target\":{\"@type\":\"EntryPoint\",\"urlTemplate\":\"https:\\\/\\\/mounttfi.pl\\\/?s={search_term_string}\"},\"query-input\":{\"@type\":\"PropertyValueSpecification\",\"valueRequired\":true,\"valueName\":\"search_term_string\"}}],\"inLanguage\":\"en-US\"},{\"@type\":\"Organization\",\"@id\":\"https:\\\/\\\/mounttfi.pl\\\/#organization\",\"name\":\"Mount TFI\",\"alternateName\":\"Mount Towarzystwo Funduszy Inwestycyjnych S.A.\",\"url\":\"https:\\\/\\\/mounttfi.pl\\\/\",\"logo\":{\"@type\":\"ImageObject\",\"inLanguage\":\"en-US\",\"@id\":\"https:\\\/\\\/mounttfi.pl\\\/#\\\/schema\\\/logo\\\/image\\\/\",\"url\":\"https:\\\/\\\/mounttfi.pl\\\/wp-content\\\/uploads\\\/2025\\\/12\\\/Logo-Organizacji.jpg\",\"contentUrl\":\"https:\\\/\\\/mounttfi.pl\\\/wp-content\\\/uploads\\\/2025\\\/12\\\/Logo-Organizacji.jpg\",\"width\":500,\"height\":500,\"caption\":\"Mount TFI\"},\"image\":{\"@id\":\"https:\\\/\\\/mounttfi.pl\\\/#\\\/schema\\\/logo\\\/image\\\/\"},\"sameAs\":[\"https:\\\/\\\/www.linkedin.com\\\/company\\\/mount-tfi\\\/posts\\\/?feedView=all\",\"https:\\\/\\\/www.youtube.com\\\/@MountTFI\"],\"description\":\"Niezale\u017cne Towarzystwo Funduszy Inwestycyjnych dzia\u0142aj\u0105ce od 2016 roku. Oferujemy fundusze private debt, nieruchomo\u015bciowe (REIT), akcyjne oraz cyfrowe aktywa.\",\"email\":\"biuro@mounttfi.pl\",\"telephone\":\"+48 22 395-83-80\",\"legalName\":\"Mount Towarzystwo Funduszy Inwestycyjnych Sp\u00f3\u0142ka Akcyjna\",\"numberOfEmployees\":{\"@type\":\"QuantitativeValue\",\"minValue\":\"11\",\"maxValue\":\"50\"}}]}<\/script>\n<!-- \/ Yoast SEO Premium plugin. -->","yoast_head_json":{"title":"Real Estate Income Assets II FIZAN in liquidation - Mount Towarzystwo Funduszy Inwestycyjnych - S.A.","robots":{"index":"index","follow":"follow","max-snippet":"max-snippet:-1","max-image-preview":"max-image-preview:large","max-video-preview":"max-video-preview:-1"},"canonical":"https:\/\/mounttfi.pl\/en\/real-estate-income-assets-ii-fizan-in-liquidation\/","og_locale":"en_US","og_type":"article","og_title":"Mount TFI \u2013 Niezale\u017cne Towarzystwo Funduszy Inwestycyjnych","og_description":"Niezale\u017cne Towarzystwo Funduszy Inwestycyjnych. Zarz\u0105dzamy funduszami o strategiach: Private Debt, Globalne REIT-y, Akcje Polskich Firm oraz Aktywa Cyfrowe.","og_url":"https:\/\/mounttfi.pl\/en\/real-estate-income-assets-ii-fizan-in-liquidation\/","og_site_name":"Mount Towarzystwo Funduszy Inwestycyjnych - S.A.","article_modified_time":"2025-09-01T01:26:44+00:00","og_image":[{"width":1200,"height":630,"url":"https:\/\/mounttfi.pl\/wp-content\/uploads\/2025\/12\/MountTFI-SocialA.jpg","type":"image\/jpeg"}],"twitter_card":"summary_large_image","twitter_misc":{"Est. reading time":"1 minute"},"schema":{"@context":"https:\/\/schema.org","@graph":[{"@type":"WebPage","@id":"https:\/\/mounttfi.pl\/en\/real-estate-income-assets-ii-fizan-in-liquidation\/","url":"https:\/\/mounttfi.pl\/en\/real-estate-income-assets-ii-fizan-in-liquidation\/","name":"Real Estate Income Assets II FIZAN in liquidation - Mount Towarzystwo Funduszy Inwestycyjnych - S.A.","isPartOf":{"@id":"https:\/\/mounttfi.pl\/#website"},"datePublished":"2025-08-28T22:52:58+00:00","dateModified":"2025-09-01T01:26:44+00:00","breadcrumb":{"@id":"https:\/\/mounttfi.pl\/en\/real-estate-income-assets-ii-fizan-in-liquidation\/#breadcrumb"},"inLanguage":"en-US","potentialAction":[{"@type":"ReadAction","target":["https:\/\/mounttfi.pl\/en\/real-estate-income-assets-ii-fizan-in-liquidation\/"]}]},{"@type":"BreadcrumbList","@id":"https:\/\/mounttfi.pl\/en\/real-estate-income-assets-ii-fizan-in-liquidation\/#breadcrumb","itemListElement":[{"@type":"ListItem","position":1,"name":"Home","item":"https:\/\/mounttfi.pl\/en\/"},{"@type":"ListItem","position":2,"name":"Real Estate Income Assets II FIZAN in liquidation"}]},{"@type":"WebSite","@id":"https:\/\/mounttfi.pl\/#website","url":"https:\/\/mounttfi.pl\/","name":"Mount TFI","description":"Niezale\u017cne Towarzystwo Funduszy Inwestycyjnych","publisher":{"@id":"https:\/\/mounttfi.pl\/#organization"},"potentialAction":[{"@type":"SearchAction","target":{"@type":"EntryPoint","urlTemplate":"https:\/\/mounttfi.pl\/?s={search_term_string}"},"query-input":{"@type":"PropertyValueSpecification","valueRequired":true,"valueName":"search_term_string"}}],"inLanguage":"en-US"},{"@type":"Organization","@id":"https:\/\/mounttfi.pl\/#organization","name":"Mount TFI","alternateName":"Mount Towarzystwo Funduszy Inwestycyjnych S.A.","url":"https:\/\/mounttfi.pl\/","logo":{"@type":"ImageObject","inLanguage":"en-US","@id":"https:\/\/mounttfi.pl\/#\/schema\/logo\/image\/","url":"https:\/\/mounttfi.pl\/wp-content\/uploads\/2025\/12\/Logo-Organizacji.jpg","contentUrl":"https:\/\/mounttfi.pl\/wp-content\/uploads\/2025\/12\/Logo-Organizacji.jpg","width":500,"height":500,"caption":"Mount TFI"},"image":{"@id":"https:\/\/mounttfi.pl\/#\/schema\/logo\/image\/"},"sameAs":["https:\/\/www.linkedin.com\/company\/mount-tfi\/posts\/?feedView=all","https:\/\/www.youtube.com\/@MountTFI"],"description":"Niezale\u017cne Towarzystwo Funduszy Inwestycyjnych dzia\u0142aj\u0105ce od 2016 roku. Oferujemy fundusze private debt, nieruchomo\u015bciowe (REIT), akcyjne oraz cyfrowe aktywa.","email":"biuro@mounttfi.pl","telephone":"+48 22 395-83-80","legalName":"Mount Towarzystwo Funduszy Inwestycyjnych Sp\u00f3\u0142ka Akcyjna","numberOfEmployees":{"@type":"QuantitativeValue","minValue":"11","maxValue":"50"}}]}},"_links":{"self":[{"href":"https:\/\/mounttfi.pl\/en\/wp-json\/wp\/v2\/pages\/12891","targetHints":{"allow":["GET"]}}],"collection":[{"href":"https:\/\/mounttfi.pl\/en\/wp-json\/wp\/v2\/pages"}],"about":[{"href":"https:\/\/mounttfi.pl\/en\/wp-json\/wp\/v2\/types\/page"}],"author":[{"embeddable":true,"href":"https:\/\/mounttfi.pl\/en\/wp-json\/wp\/v2\/users\/1"}],"replies":[{"embeddable":true,"href":"https:\/\/mounttfi.pl\/en\/wp-json\/wp\/v2\/comments?post=12891"}],"version-history":[{"count":1,"href":"https:\/\/mounttfi.pl\/en\/wp-json\/wp\/v2\/pages\/12891\/revisions"}],"predecessor-version":[{"id":12892,"href":"https:\/\/mounttfi.pl\/en\/wp-json\/wp\/v2\/pages\/12891\/revisions\/12892"}],"wp:attachment":[{"href":"https:\/\/mounttfi.pl\/en\/wp-json\/wp\/v2\/media?parent=12891"}],"curies":[{"name":"wp","href":"https:\/\/api.w.org\/{rel}","templated":true}]}}